{"id":2,"date":"2021-10-03T20:15:27","date_gmt":"2021-10-03T18:15:27","guid":{"rendered":"http:\/\/la-case-africaine.com\/?page_id=2"},"modified":"2024-04-05T17:24:28","modified_gmt":"2024-04-05T15:24:28","slug":"accueil","status":"publish","type":"page","link":"https:\/\/la-case-africaine.com\/","title":{"rendered":"BIENVENUE"},"content":{"rendered":"\n<p style=\"font-size:21px\"><mark style=\"background-color:rgba(0, 0, 0, 0)\" class=\"has-inline-color has-white-color\">Situ\u00e9e au centre de Montferrand, La Case Africaine est La boutique de r\u00e9f\u00e9rence en mati\u00e8re de Coiffure africaine. Notre \u00e9quipe de professionnelles est \u00e0 votre disposition pour vous conseiller et vous satisfaire, tout \u00e7a au meilleur tarif. D\u00e9couvrez tous nos services en coiffure: Tresses, Piqu\u00e9s-l\u00e2ch\u00e9s , Nattes Plaqu\u00e9es, Extension, Tissage, lissage br\u00e9silien. Nous vous proposons \u00e9galement une selection de produits de soins pour le cheveux et le corps mais aussi des bijoux fantaisies, sacs et v\u00eatement africain. Tout cela pour votre plaisir!<br><\/mark><\/p>\n","protected":false},"excerpt":{"rendered":"<p>Situ\u00e9e au centre de Montferrand, La Case Africaine est La boutique de r\u00e9f\u00e9rence en mati\u00e8re de [&hellip;]<\/p>\n","protected":false},"author":1,"featured_media":0,"parent":0,"menu_order":0,"comment_status":"closed","ping_status":"closed","template":"","meta":{"_monsterinsights_skip_tracking":false,"_monsterinsights_sitenote_active":false,"_monsterinsights_sitenote_note":"","_monsterinsights_sitenote_category":0,"footnotes":""},"class_list":["post-2","page","type-page","status-publish","hentry"],"_links":{"self":[{"href":"https:\/\/la-case-africaine.com\/index.php\/wp-json\/wp\/v2\/pages\/2","targetHints":{"allow":["GET"]}}],"collection":[{"href":"https:\/\/la-case-africaine.com\/index.php\/wp-json\/wp\/v2\/pages"}],"about":[{"href":"https:\/\/la-case-africaine.com\/index.php\/wp-json\/wp\/v2\/types\/page"}],"author":[{"embeddable":true,"href":"https:\/\/la-case-africaine.com\/index.php\/wp-json\/wp\/v2\/users\/1"}],"replies":[{"embeddable":true,"href":"https:\/\/la-case-africaine.com\/index.php\/wp-json\/wp\/v2\/comments?post=2"}],"version-history":[{"count":12,"href":"https:\/\/la-case-africaine.com\/index.php\/wp-json\/wp\/v2\/pages\/2\/revisions"}],"predecessor-version":[{"id":267,"href":"https:\/\/la-case-africaine.com\/index.php\/wp-json\/wp\/v2\/pages\/2\/revisions\/267"}],"wp:attachment":[{"href":"https:\/\/la-case-africaine.com\/index.php\/wp-json\/wp\/v2\/media?parent=2"}],"curies":[{"name":"wp","href":"https:\/\/api.w.org\/{rel}","templated":true}]}}